{"id":1082,"date":"2023-04-11T07:37:01","date_gmt":"2023-04-11T07:37:01","guid":{"rendered":"https:\/\/sauleskempings.lv\/terms-of-use\/"},"modified":"2023-07-12T12:44:43","modified_gmt":"2023-07-12T12:44:43","slug":"terms-of-use","status":"publish","type":"page","link":"https:\/\/sauleskempings.lv\/en\/terms-of-use\/","title":{"rendered":"Terms of Use"},"content":{"rendered":"<p>[et_pb_section fb_built=&#8221;1&#8243; admin_label=&#8221;Header&#8221; _builder_version=&#8221;4.20.2&#8243; use_background_color_gradient=&#8221;on&#8221; background_color_gradient_type=&#8221;circular&#8221; background_color_gradient_direction_radial=&#8221;top left&#8221; background_color_gradient_stops=&#8221;rgba(0,0,0,0.5) 16%|rgba(255,255,255,0) 80%&#8221; background_color_gradient_overlays_image=&#8221;on&#8221; background_color_gradient_start=&#8221;rgba(255,255,255,0.89)&#8221; background_color_gradient_start_position=&#8221;30%&#8221; background_color_gradient_end=&#8221;rgba(255,255,255,0)&#8221; background_color_gradient_end_position=&#8221;80%&#8221; background_image=&#8221;https:\/\/sauleskempings.lv\/wp-content\/uploads\/2023\/03\/Saues-Kempings-brivdienu-maja-Saule-19-scaled.jpg&#8221; custom_padding=&#8221;13vw|0px|0|0px|false|false&#8221; global_colors_info=&#8221;{}&#8221;][et_pb_row _builder_version=&#8221;4.16&#8243; global_colors_info=&#8221;{}&#8221;][et_pb_column type=&#8221;4_4&#8243; _builder_version=&#8221;4.16&#8243; custom_padding=&#8221;|||&#8221; global_colors_info=&#8221;{}&#8221; custom_padding__hover=&#8221;|||&#8221;][et_pb_text _builder_version=&#8221;4.20.2&#8243; text_font=&#8221;||||||||&#8221; header_font=&#8221;Raleway|600|||||||&#8221; header_text_color=&#8221;#FFFFFF&#8221; header_font_size=&#8221;80px&#8221; header_line_height=&#8221;1.2em&#8221; header_2_font=&#8221;Raleway|700|||||||&#8221; header_2_font_size=&#8221;20px&#8221; header_2_letter_spacing=&#8221;0.2em&#8221; header_2_line_height=&#8221;1.3em&#8221; header_3_font=&#8221;Raleway|700|||||||&#8221; header_3_font_size=&#8221;20px&#8221; header_3_letter_spacing=&#8221;0.2em&#8221; header_3_line_height=&#8221;1.8em&#8221; header_4_font=&#8221;Raleway|700|||||||&#8221; header_4_font_size=&#8221;20px&#8221; header_4_letter_spacing=&#8221;0.2em&#8221; header_4_line_height=&#8221;1.8em&#8221; header_5_font=&#8221;Raleway|700||on|||||&#8221; header_5_text_color=&#8221;#faa61a&#8221; header_5_font_size=&#8221;20px&#8221; header_5_letter_spacing=&#8221;0.2em&#8221; header_5_line_height=&#8221;1.8em&#8221; animation_style=&#8221;zoom&#8221; animation_intensity_zoom=&#8221;5%&#8221; header_font_size_tablet=&#8221;48px&#8221; header_font_size_phone=&#8221;32px&#8221; header_font_size_last_edited=&#8221;on|phone&#8221; header_5_font_size_tablet=&#8221;14px&#8221; header_5_font_size_phone=&#8221;12px&#8221; header_5_font_size_last_edited=&#8221;on|desktop&#8221; global_colors_info=&#8221;{}&#8221;]<\/p>\n<h5><span>SAULES KEMPINGS<\/span><\/h5>\n<h1>Terms of Use<\/h1>\n<p>[\/et_pb_text][\/et_pb_column][\/et_pb_row][\/et_pb_section][et_pb_section fb_built=&#8221;1&#8243; admin_label=&#8221;Room Details&#8221; _builder_version=&#8221;4.16&#8243; global_colors_info=&#8221;{}&#8221;][et_pb_row use_custom_gutter=&#8221;on&#8221; gutter_width=&#8221;2&#8243; _builder_version=&#8221;4.20.2&#8243; global_colors_info=&#8221;{}&#8221;][et_pb_column type=&#8221;4_4&#8243; _builder_version=&#8221;4.16&#8243; custom_padding=&#8221;|||&#8221; global_colors_info=&#8221;{}&#8221; custom_padding__hover=&#8221;|||&#8221;][et_pb_text _builder_version=&#8221;4.20.2&#8243; text_font=&#8221;||||||||&#8221; header_font=&#8221;Raleway|700|||||||&#8221; header_font_size=&#8221;80px&#8221; header_line_height=&#8221;1.2em&#8221; header_2_font=&#8221;Raleway|700|||||||&#8221; header_2_font_size=&#8221;20px&#8221; header_2_letter_spacing=&#8221;0.2em&#8221; header_2_line_height=&#8221;1.3em&#8221; header_3_font=&#8221;Raleway|700|||||||&#8221; header_3_font_size=&#8221;20px&#8221; header_3_letter_spacing=&#8221;0.2em&#8221; header_3_line_height=&#8221;1.8em&#8221; header_4_font=&#8221;Raleway|700|||||||&#8221; header_4_font_size=&#8221;20px&#8221; header_4_letter_spacing=&#8221;0.2em&#8221; header_4_line_height=&#8221;1.8em&#8221; header_5_font=&#8221;Raleway|700||on|||||&#8221; header_5_text_color=&#8221;#000000&#8243; header_5_font_size=&#8221;20px&#8221; header_5_letter_spacing=&#8221;0.2em&#8221; header_5_line_height=&#8221;1.8em&#8221; animation_style=&#8221;zoom&#8221; animation_intensity_zoom=&#8221;5%&#8221; header_font_size_tablet=&#8221;48px&#8221; header_font_size_phone=&#8221;32px&#8221; header_font_size_last_edited=&#8221;on|phone&#8221; header_5_font_size_tablet=&#8221;14px&#8221; header_5_font_size_phone=&#8221;12px&#8221; header_5_font_size_last_edited=&#8221;on|desktop&#8221; global_colors_info=&#8221;{}&#8221;]<\/p>\n<h2><span>TERMS OF RESERVATION AND PURCHASE OF SERVICES IN CAMPING &#8220;SAULES KEMPINGS&#8221; <\/p>\n<p><\/span><\/h2>\n<p>[\/et_pb_text][et_pb_accordion open_toggle_background_color=&#8221;#FFFFFF&#8221; closed_toggle_background_color=&#8221;#FFFFFF&#8221; _builder_version=&#8221;4.20.2&#8243; _module_preset=&#8221;default&#8221; toggle_text_color=&#8221;#000000&#8243; toggle_font=&#8221;Raleway|700|||||||&#8221; toggle_font_size=&#8221;20px&#8221; toggle_letter_spacing=&#8221;2px&#8221; toggle_line_height=&#8221;1.2em&#8221; hover_enabled=&#8221;0&#8243; toggle_font_size_tablet=&#8221;48px&#8221; toggle_font_size_phone=&#8221;32px&#8221; toggle_font_size_last_edited=&#8221;on|phone&#8221; global_colors_info=&#8221;{}&#8221; sticky_enabled=&#8221;0&#8243;][et_pb_accordion_item title=&#8221;General conditions &#8221; open=&#8221;on&#8221; _builder_version=&#8221;4.20.2&#8243; _module_preset=&#8221;default&#8221; global_colors_info=&#8221;{}&#8221;]<\/p>\n<p style=\"text-align: justify;\">1.1. These terms of service reservation, purchase and payment (hereinafter referred to as the terms) refer to the Camping &#8220;Saules Kempings&#8221; (Talsu nov., M\u0113rsraga pag., M\u0113rsrags, B\u0101kas iela 28, LV-3284), (hereinafter &#8211; the Camping), offered for service reservations made by calling the telephone number indicated on the website, sending an e-mail, contacting a camping employee directly or on the website.<\/p>\n<p style=\"text-align: justify;\">1.2. The Rules apply to reservations for individual customers (hereinafter referred to as the Customer).<\/p>\n<p style=\"text-align: justify;\">1.3. Only the maximum number of persons allowed for each service can be included in one reservation.<\/p>\n<p style=\"text-align: justify;\">1.4. If the reservation is made on the website, the Customer cannot make a reservation of all the services available in the Camping together, the Customer only reserves the specific service, in the selected amount, for a certain period, which the customer has clearly chosen\/selected.<\/p>\n<p style=\"text-align: justify;\">1.5. 1.5. When making a reservation on the website, the Customer receives a confirmation e-mail for the reservation, which contains the following information: &#8211; Type of service and date of use; \u2013 Customer information; \u2013 Number of guests; \u2013 Total service price (EUR with VAT).<\/p>\n<p style=\"text-align: justify;\">1.6. 1.6. These terms do not apply to reservations of services and\/or events organized by third parties, as well as to public events.<\/p>\n<p style=\"text-align: justify;\">1.7. 1.7. The service can be booked and paid for:<\/p>\n<p style=\"text-align: justify;\">1.7.1.approaching the Camping employee in person;<\/p>\n<p style=\"text-align: justify;\">1.7.2. by calling the telephone number specified by the Camping and agreeing on the reservation and payment procedures and conditions during the telephone conversation;<\/p>\n<p style=\"text-align: justify;\">1.7.3. 1.7.3. by sending an e-mail to the e-mail address specified by the Camping and agreeing in the correspondence on the conditions of reservation and payment;<\/p>\n<p style=\"text-align: justify;\">1.7.4. using the Camping website <a href=\"http:\/\/www.sauleskempings.lv\/\" rel=\"noopener noreferrer\" target=\"_blank\">www.sauleskempings.lv.<\/a><\/p>\n<p style=\"text-align: justify;\">1.8. The Customer can change and cancel the reservation and purchase of services, only by following the terms and procedures specified in the regulations.<\/p>\n<p>[\/et_pb_accordion_item][et_pb_accordion_item title=&#8221;RESERVATION PAYMENT &#8221; _builder_version=&#8221;4.20.2&#8243; _module_preset=&#8221;default&#8221; global_colors_info=&#8221;{}&#8221; open=&#8221;off&#8221;]<\/p>\n<p style=\"text-align: justify;\">2.1. When making a service reservation or buying a service on the Camping website, payment for the reservation can be made immediately on the day of making the reservation or on the day of using the service on site at the Camping.<\/p>\n<p style=\"text-align: justify;\">2.2. Before paying for the service, the Customer confirms that he has checked the data specified in the reservation and has familiarized himself with the internal rules of the Camping, has read, agrees and clearly understands these rules.<\/p>\n<p style=\"text-align: justify;\">2.3. If the customer uses a payment card for payment in person, the Camping employee has the right to request the customer to present the payment card and an identity document during registration.<\/p>\n<p style=\"text-align: justify;\">2.4. If the service is reserved by contacting a Camping employee or by calling the phone number specified on the website or by sending an e-mail to the e-mail address specified on the website, payment can be made upon arrival at the campsite on the day of using the service. P ayment can be made in cash or by payment card.<\/p>\n<p style=\"text-align: justify;\">2.5. 2.5. If the service is booked on the website <a href=\"http:\/\/www.sauleskempings.lv\/\" rel=\"noopener noreferrer\" target=\"_blank\">www.sauleskempings.lv,<\/a> payment can be made with a payment card or bank account using the Kevin payment service system, immediately at the time of booking the service or on the day of using the service on site at the Camping. All payments made on the Camping website are safe and full protection of the payer&#8217;s data is guaranteed.<\/p>\n<p>[\/et_pb_accordion_item][et_pb_accordion_item title=&#8221;CHANGE AND\/OR CANCELLATION OF RESERVATION OR SERVICE PURCHASE &#8221; _builder_version=&#8221;4.20.2&#8243; _module_preset=&#8221;default&#8221; hover_enabled=&#8221;0&#8243; global_colors_info=&#8221;{}&#8221; open=&#8221;off&#8221; sticky_enabled=&#8221;0&#8243;]<\/p>\n<p style=\"text-align: justify;\">3.1. The customer can change the services reserved and not yet paid by the customer by contacting the Camping via the indicated phone number and\/or e-mail, or if the reservation was made on the website, then use the reservation cancellation link that was sent to the e-mail in the reservation confirmation.<\/p>\n<p style=\"text-align: justify;\">3.2. Changing the personal data specified in the reservation (name, surname) is not considered a change of reservation, but it is the customer&#8217;s responsibility to inform the Camping about the change of name and surname of the person (the Customer) who plans to receive the service in before the reservation date.<\/p>\n<p style=\"text-align: justify;\">3.3. 3.3. If, as a result of changing the reservation, the price of the already booked services changes, the Customer shall pay the difference between the originally paid services and the changed service prices to the Camping in the same manner as when paying for the reservation.<\/p>\n<p style=\"text-align: justify;\">3.4. 3.4. If the reservation is changed up to 7 days before the booked service date, no penalty is applied.<\/p>\n<p style=\"text-align: justify;\">3.5. 3.5. If the customer has not registered with the Camping employee by the date and\/or time of the reserved service, the Camping will cancel the entire reservation, unless the Camping has been informed in writing or by telephone by the date and time of the reservation.<\/p>\n<p style=\"text-align: justify;\">3.6. 3.6. The customer can cancel the reservation before the reservation date by informing the Camping about it in writing, by sending a written notification, electronically to e-mail, indicating the following information: &#8211; name, surname of the person who made the reservation; \u2013 the booked service, its time and date; \u2013 information about the wish to cancel the reservation.<\/p>\n<p style=\"text-align: justify;\">3.7. 3.7. If the reservation was made on the website, then the reservation can be canceled using the reservation cancellation link, which was sent to the e-mail in the reservation confirmation.<\/p>\n<p style=\"text-align: justify;\">3.8. 3.8. If the camping house reservation is cancelled, the Camping applies the following penalty:<\/p>\n<p style=\"text-align: justify;\">3.8.1. 3.8.1. if the reservation is canceled 7 days before the reservation date, then the contractual penalty is not applied to the Customer;<\/p>\n<p style=\"text-align: justify;\">3.8.2. 3.8.2. if the reservation is canceled later than 6 days before the reservation date, a contractual penalty of 100% of the reservation price is applied.<\/p>\n<p style=\"text-align: justify;\">3.9. 3.9. If the reservation or the purchase of the service is canceled, the price minus the contractual penalty is refunded to the customer by transferring the relevant amount to the same bank account from which the reservation or purchased service was paid. Camping, when making a refund to the Customer, has the right to withhold from the customer the amounts paid for the reservation made, the amount of money paid in bank commissions, for the processing and execution of bank payments.<\/p>\n<p>[\/et_pb_accordion_item][et_pb_accordion_item title=&#8221;GIFT CARDS&#8221; _builder_version=&#8221;4.20.2&#8243; _module_preset=&#8221;default&#8221; global_colors_info=&#8221;{}&#8221; open=&#8221;off&#8221;]<\/p>\n<p style=\"text-align: justify;\"><span>The customer can purchase a Camping Gift card. It is valid for 12 months from the moment of purchase and is activated immediately after payment. The customer can receive the gift card in person at the camping &#8220;Saules Kempings&#8221; or by mail or e-mail. If you choose to receive it by mail, the gift card will be sent to the address specified by the customer within 2-3 working days. If you choose to receive by e-mail, a print file of the gift card will be sent to the e-mail address specified by the customer within 1 working day. The Gift card can be used to pay for any Camping service. The amount can be spent gradually.<\/span><\/p>\n<p>[\/et_pb_accordion_item][\/et_pb_accordion][\/et_pb_column][\/et_pb_row][\/et_pb_section]<\/p>\n","protected":false},"excerpt":{"rendered":"<p>SAULES KEMPINGS Terms of UseTERMS OF RESERVATION AND PURCHASE OF SERVICES IN CAMPING &#8220;SAULES KEMPINGS&#8221; 1.1. These terms of service reservation, purchase and payment (hereinafter referred to as the terms) refer to the Camping &#8220;Saules Kempings&#8221; (Talsu nov., M\u0113rsraga pag., M\u0113rsrags, B\u0101kas iela 28, LV-3284), (hereinafter &#8211; the Camping), offered for service reservations made by [&hellip;]<\/p>\n","protected":false},"author":1,"featured_media":0,"parent":0,"menu_order":0,"comment_status":"closed","ping_status":"closed","template":"","meta":{"_et_pb_use_builder":"on","_et_pb_old_content":"","_et_gb_content_width":"","footnotes":""},"class_list":["post-1082","page","type-page","status-publish","hentry"],"_links":{"self":[{"href":"https:\/\/sauleskempings.lv\/en\/wp-json\/wp\/v2\/pages\/1082","targetHints":{"allow":["GET"]}}],"collection":[{"href":"https:\/\/sauleskempings.lv\/en\/wp-json\/wp\/v2\/pages"}],"about":[{"href":"https:\/\/sauleskempings.lv\/en\/wp-json\/wp\/v2\/types\/page"}],"author":[{"embeddable":true,"href":"https:\/\/sauleskempings.lv\/en\/wp-json\/wp\/v2\/users\/1"}],"replies":[{"embeddable":true,"href":"https:\/\/sauleskempings.lv\/en\/wp-json\/wp\/v2\/comments?post=1082"}],"version-history":[{"count":2,"href":"https:\/\/sauleskempings.lv\/en\/wp-json\/wp\/v2\/pages\/1082\/revisions"}],"predecessor-version":[{"id":1084,"href":"https:\/\/sauleskempings.lv\/en\/wp-json\/wp\/v2\/pages\/1082\/revisions\/1084"}],"wp:attachment":[{"href":"https:\/\/sauleskempings.lv\/en\/wp-json\/wp\/v2\/media?parent=1082"}],"curies":[{"name":"wp","href":"https:\/\/api.w.org\/{rel}","templated":true}]}}